{"id":1364,"date":"2024-08-06T20:07:57","date_gmt":"2024-08-06T18:07:57","guid":{"rendered":"https:\/\/kabalaconsulting.com\/?page_id=1364"},"modified":"2024-08-06T20:07:57","modified_gmt":"2024-08-06T18:07:57","slug":"polityka-prywatnosci","status":"publish","type":"page","link":"https:\/\/kabalaconsulting.com\/de\/polityka-prywatnosci\/","title":{"rendered":"Datenschutzerkl\u00e4rung"},"content":{"rendered":"<p><strong>1. Allgemeine Informationen<\/strong><\/p>\n\n\n\n<ol start=\"1\" class=\"wp-block-list\">\n<li>Diese Richtlinie gilt f\u00fcr die Website, die Besch\u00e4ftigten auf die url:\u00a0<strong>kabalaconsulting.com<\/strong><\/li>\n\n\n\n<li>Betreiber des Dienstes und der Administrator der pers\u00f6nlichen Daten ist: Markus Hartmann Kabala Consulting ul.Jedno\u015bci Narodowej 119, 50-301 Wroc\u0142aw #<\/li>\n\n\n\n<li>Die E-Mail Adresse des Betreibers: contact@kabalaconsulting.com<\/li>\n\n\n\n<li>Der Betreiber ist der Administrator Ihrer personenbezogenen Daten in Bezug auf die Daten, die freiwillig auf der Webseite bereitgestellten.<\/li>\n\n\n\n<li>Der Service nutzt personenbezogene Daten zu folgenden Zwecken:\n<ol start=\"1\" style=\"list-style-type:lower-alpha\" class=\"wp-block-list\">\n<li>Keeping Newsletter<\/li>\n\n\n\n<li>Slide Profil des Nutzers an andere Nutzer<\/li>\n\n\n\n<li>Bearbeitung der Anfragen per Formular<\/li>\n\n\n\n<li>Die Ausf\u00fchrung der bestellten Leistungen<\/li>\n\n\n\n<li>Pr\u00e4sentation des Angebots oder der Information<\/li>\n<\/ol>\n<\/li>\n\n\n\n<li>Der Service implementiert die Funktionen Informationen \u00fcber die Nutzer und deren Verhalten auf folgende Weise:\n<ol start=\"1\" style=\"list-style-type:lower-alpha\" class=\"wp-block-list\">\n<li>Durch freiwillig in Formulare eingegebene Daten, die Benutzer in die Systeme des Betreibers.<\/li>\n\n\n\n<li>Durch die Speicherung in den Endger\u00e4ten Cookies(sogenannte &#034;Cookies&#034;&#034;.<\/li>\n<\/ol>\n<\/li>\n<\/ol>\n\n\n\n<p><strong>2. Ausgew\u00e4hlte Methoden zum Schutz von Daten, die dem Betreiber<\/strong><\/p>\n\n\n\n<ol start=\"1\" class=\"wp-block-list\">\n<li>Eintrittspunkt und der Eingabe der pers\u00f6nlichen Daten sind auf der Ebene der \u00fcbertragung (SSL-Zertifikat). Dank dieser pers\u00f6nlichen Daten und Daten zur Anmeldung auf der Website eingegeben werden, sind verschl\u00fcsselt auf dem Computer des Benutzers und gelesen werden k\u00f6nnen nur auf dem Zielserver.<\/li>\n\n\n\n<li>Der Betreiber periodisch \u00e4ndert seine administrativen Passw\u00f6rter.<\/li>\n\n\n\n<li>F\u00fcr den Datenschutz der Betreiber f\u00fchrt regelm\u00e4\u00dfig Backups.<\/li>\n\n\n\n<li>Ein wichtiges Element des Datenschutzes ist die regelm\u00e4\u00dfige Aktualisierung aller Software, verwendet der Betreiber f\u00fcr die Verarbeitung personenbezogener Daten, was insbesondere bedeutet die regelm\u00e4\u00dfige Aktualisierung von Software-Komponenten.<\/li>\n<\/ol>\n\n\n\n<p><strong>3. Hosting<\/strong><\/p>\n\n\n\n<ol start=\"1\" class=\"wp-block-list\">\n<li>Service gehostet (technisch unterst\u00fctzt) auf den Servern des Betreibers: Hostinger<\/li>\n\n\n\n<li>Hosting-Unternehmen f\u00fchrt die Protokolle auf Serverebene, um die technische Zuverl\u00e4ssigkeit. Aufnahmen k\u00f6nnen r\u00fcckg\u00e4ngig gemacht werden:\n<ol start=\"1\" style=\"list-style-type:lower-alpha\" class=\"wp-block-list\">\n<li>die Ressourcen, die URL-Adresse (Adressen der angeforderten Ressourcen-Seiten, Dateien),<\/li>\n\n\n\n<li>Uhrzeit der Anforderung,<\/li>\n\n\n\n<li>Zeit, eine Antwort zu senden,<\/li>\n\n\n\n<li>der name der Client-Station-Identifizierung durch das HTTP-Protokoll,<\/li>\n\n\n\n<li>Informationen zu Fehlern, die sich bei der HTTP-Transaktion,<\/li>\n\n\n\n<li>URL der Seite, die zuvor besuchte Benutzer (referer link) - falls der \u00fcbergang auf die Webseite aufgetreten Link<\/li>\n\n\n\n<li>Informationen \u00fcber den Browser des Benutzers,<\/li>\n\n\n\n<li>Informationen \u00fcber die IP-Adresse,<\/li>\n\n\n\n<li>diagnostische Informationen im Zusammenhang mit dem Prozess der selbst-der Bestellung der Dienste durch den Logger auf der Website<\/li>\n\n\n\n<li>Informationen im Zusammenhang mit der Bearbeitung von E-Mail-Adresse gerichtet Betreiber und Betreiber gesendet.<\/li>\n<\/ol>\n<\/li>\n<\/ol>\n\n\n\n<p><strong>4. Ihre Rechte und weitere Informationen zur Verwendung von Daten<\/strong><\/p>\n\n\n\n<ol start=\"1\" class=\"wp-block-list\">\n<li>In einigen Situationen hat der Administrator das Recht, Ihre personenbezogenen Daten an andere Empf\u00e4nger, wenn dies zur Erf\u00fcllung eines Vertrages mit Ihnen oder f\u00fcr die Durchf\u00fchrung der Pflichten, die auf Administrator. Dies betrifft solche Zielgruppen:\n<ol start=\"1\" style=\"list-style-type:lower-alpha\" class=\"wp-block-list\">\n<li>Hosting-Unternehmen vertrauensvoll zusammen<\/li>\n\n\n\n<li>Anwaltskanzleien und Schulden Sammler<\/li>\n\n\n\n<li>Banken<\/li>\n\n\n\n<li>autorisierte Mitarbeiter und Mitarbeiter, die verwenden die Daten zur Erreichung des Ziels der Arbeit der Website<\/li>\n\n\n\n<li>Unternehmen, die Marketing-Services Administrator<\/li>\n<\/ol>\n<\/li>\n\n\n\n<li>Ihre personenbezogenen Daten werden vom Administrator nicht l\u00e4nger als n\u00f6tig f\u00fcr die Erf\u00fcllung der damit verbundenen Handlungen eigenem Recht (zum Beispiel \u00fcber die F\u00fchrung der Buchhaltung). Was Marketing betrifft, werden die Daten nicht verarbeitet f\u00fcr mehr als 3 Jahre.<\/li>\n\n\n\n<li>Sie haben das Recht, den Administrator:\n<ol start=\"1\" style=\"list-style-type:lower-alpha\" class=\"wp-block-list\">\n<li>Zugriff auf personenbezogene Daten, die im Zusammenhang mit Sie,<\/li>\n\n\n\n<li>Berichtigung,<\/li>\n\n\n\n<li>l\u00f6schen,<\/li>\n\n\n\n<li>Einschr\u00e4nkung der Verarbeitung,<\/li>\n\n\n\n<li>und \u00fcbertragen von Daten.<\/li>\n<\/ol>\n<\/li>\n\n\n\n<li>Sie haben das Recht auf Widerspruch gegen die Verarbeitung der in Absatz 3.2, in Bezug auf die Verarbeitung personenbezogener Daten zur Wahrnehmung berechtigter Interessen verfolgten Administrator, einschlie\u00dflich Profiling, bei diesem Widerspruchsrecht nicht ausge\u00fcbt werden kann, im Falle, dass Sie g\u00fcltige Rechtsgrundlage f\u00fcr die Verarbeitung der vorherrschenden in Bezug auf Sie Interessen, Rechte und Freiheiten, insbesondere die Feststellung, Untersuchung oder Verteidigung von Anspr\u00fcchen.<\/li>\n\n\n\n<li>Auf der Admin kann man sich dem Pr\u00e4sidenten des Amtes f\u00fcr den Schutz personenbezogener Daten, UL. raten 2, 00-193 Warschau.<\/li>\n\n\n\n<li>Die Bereitstellung personenbezogener Daten ist freiwillig, aber notwendig f\u00fcr die Wartung vor Ort.<\/li>\n\n\n\n<li>Gegen Sie ergriffen werden k\u00f6nnen die Schritte zur automatisierten Entscheidungsfindung, einschlie\u00dflich Profiling f\u00fcr die Erbringung von Dienstleistungen im Rahmen des abgeschlossenen Vertrags und zur F\u00fchrung der Administrator der Direktwerbung.<\/li>\n\n\n\n<li>Personenbezogene Daten werden nicht aus Drittl\u00e4ndern im Einklang mit der Gesetzgebung \u00fcber den Schutz personenbezogener Daten. Dies bedeutet, dass wir nicht versenden au\u00dferhalb der europ\u00e4ischen Union.<\/li>\n<\/ol>\n\n\n\n<p><strong>5. Informationen in den Formularen<\/strong><\/p>\n\n\n\n<ol start=\"1\" class=\"wp-block-list\">\n<li>Der Service sammelt Informationen, die der Benutzer freiwillig, einschlie\u00dflich personenbezogener Daten, wenn Sie zur Verf\u00fcgung gestellt.<\/li>\n\n\n\n<li>Der Service speichert Informationen \u00fcber die Verbindungsparameter (Zeit die Bezeichnung, IP-Adresse).<\/li>\n\n\n\n<li>Service in einigen F\u00e4llen kann Informationen speichern, das hilft, verkn\u00fcpfen von Daten in Form von E-Mail-Adresse des Benutzers, der das Formular ausf\u00fcllt. In diesem Fall wird die E-Mail-Adresse des Benutzers wird innerhalb der url-Adresse der Seite, die ein Formular beinhaltet.<\/li>\n\n\n\n<li>Die Angaben in der Form, werden f\u00fcr Zwecke verarbeitet, die sich aus der Funktion einer bestimmten Form, zum Beispiel f\u00fcr die Bearbeitung einer Serviceanfrage oder einen kommerziellen Kontakt, Registrierung Service, etc Jedes mal der Kontext und die Beschreibung der Form klar zu informieren Sie dar\u00fcber, was Sie soll.<\/li>\n<\/ol>\n\n\n\n<p><strong>6. Administrator-Protokolle<\/strong><\/p>\n\n\n\n<ol start=\"1\" class=\"wp-block-list\">\n<li>Informationen \u00fcber Nutzerverhalten auf der Website m\u00f6glicherweise unterliegen Anmeldung. Diese Informationen werden verwendet, um die site zu verwalten.<\/li>\n<\/ol>\n\n\n\n<p><strong>7. Wichtige Marketing-Methoden<\/strong><\/p>\n\n\n\n<ol start=\"1\" class=\"wp-block-list\">\n<li>Operator stosuje analiz\u0119 statystyczn\u0105 ruchu na stronie, poprzez Google Analytics (Google Inc. z siedzib\u0105 w USA). Operator nie przekazuje do operatora tej us\u0142ugi danych osobowych, a jedynie zanonimizowane informacje. Us\u0142uga bazuje na wykorzystaniu ciasteczek w urz\u0105dzeniu ko\u0144cowym u\u017cytkownika. W zakresie informacji o preferencjach u\u017cytkownika gromadzonych przez sie\u0107 reklamow\u0105 Google u\u017cytkownik mo\u017ce przegl\u0105da\u0107 i edytowa\u0107 informacje wynikaj\u0105ce z plik\u00f3w cookies przy pomocy narz\u0119dzia: https:\/\/www.google.com\/ads\/preferences\/<\/li>\n\n\n\n<li>Der Betreiber verwendet Remarketing-Techniken, die es erm\u00f6glichen, ma\u00dfgeschneiderte Werbebotschaften an das Verhalten des Benutzers auf der Website, dass kann schaffen die Illusion, dass die pers\u00f6nlichen Daten des Benutzers werden f\u00fcr seine Verfolgung, aber in der Praxis \u00fcbertragen keine personenbezogenen Daten von dem Betreiber Betreibern der Werbung erfolgt nicht. Technologische Bedingung einer solchen Aktion ist die Unterst\u00fctzung von Cookies.<\/li>\n\n\n\n<li>Der Betreiber nutzt Pixel verwendet Facebook. Diese Technologie f\u00fchrt dazu, dass der Dienst Facebook (Facebook Inc. das Unternehmen mit Sitz in den USA) wei\u00df, dass die angemeldete Person in ihm, Webseite verwendet. In diesem Fall wird es basiert auf den Daten, hinsichtlich derer er selbst ist der Administrator, der Betreiber \u00fcbermittelt keine weiteren personenbezogenen Daten von sich selbst Facebook. Der Dienst basiert auf der Verwendung von Cookies auf dem Endger\u00e4t des Nutzers.<\/li>\n\n\n\n<li>Der Betreiber verwendet die Entscheidung f\u00fcr ein Studium des Verhaltens der Nutzer durch das erstellen von Heatmaps und Aufzeichnungen des Verhaltens auf der Seite. Diese Informationen wird anonymisiert, bevor der Betreiber des Dienstes, dass er nicht wusste, zu welcher Person Sie geh\u00f6ren. Insbesondere die Aufnahme nicht zur\u00fcckerstattet eingegebenen Passw\u00f6rtern und anderen pers\u00f6nlichen Daten.<\/li>\n\n\n\n<li>Der Betreiber verwendet die L\u00f6sung, die automatisiert den Betrieb der Website im Hinblick auf die Nutzer, beispielsweise kann der Benutzer eine Email nach dem Besuch einer bestimmten Unterseite, wenn er die Zustimmung zum Erhalt von Werbemitteilungen von dem Betreiber.<\/li>\n<\/ol>\n\n\n\n<p><strong>8. Informationen \u00fcber Cookies<\/strong><\/p>\n\n\n\n<ol start=\"1\" class=\"wp-block-list\">\n<li>Der Service nutzt Cookies.<\/li>\n\n\n\n<li>Cookie-Dateien (sogenannte &#034;Cookies&#034;) sind Computerdaten, insbesondere Textdateien, die gespeichert sind, auf dem Endger\u00e4t des Benutzers des Service und sind f\u00fcr die Nutzung der Websites des Dienstes. Cookies enthalten f\u00fcr gew\u00f6hnlich den Namen der Website, von der Sie stammen, die Zeit Ihrer Aufbewahrung auf dem Endger\u00e4t und eine eindeutige Nummer.<\/li>\n\n\n\n<li>Subjekt, aufstellend auf dem Endger\u00e4t des Nutzers Website Cookies und Erhalt der Zugang zu Ihnen ist der Betreiber der Seite.<\/li>\n\n\n\n<li>Cookies werden f\u00fcr die folgenden Zwecke:\n<ol start=\"1\" style=\"list-style-type:lower-alpha\" class=\"wp-block-list\">\n<li>Aufrechterhaltung der Sitzung des Benutzers der Website (nach dem einloggen), Dank deren der Benutzer muss nicht erneut eingeben Login und Passwort auf jeder Unterseite der Website;<\/li>\n\n\n\n<li>die oben beschriebenen Ziele in Abschnitt &#034;grundlegende Marketing-Techniken&#034;;<\/li>\n<\/ol>\n<\/li>\n\n\n\n<li>Im Rahmen des Services werden zwei grundlegende Arten von Cookies: &#034;Sitzungscookies&#034; (session cookies) und&#034; permanente &#034; (persistent cookies). &#034;Sitzungs&#034; - Cookies sind tempor\u00e4re Dateien, die lokal auf dem Endger\u00e4t des Nutzers bis zum Abmelden, verlassen der Website oder ausschalten der Software (Webbrowser). &#034;Permanente&#034; Cookies werden im Endger\u00e4t des Benutzers f\u00fcr die angegebene Zeit in den Parametern der cookie-Dateien, oder so lange, bis Sie Sie l\u00f6schen.<\/li>\n\n\n\n<li>Software f\u00fcr Web-browsing (Web-Browser) in der Regel standardm\u00e4\u00dfig erm\u00f6glicht die Speicherung von Cookies auf dem Endger\u00e4t des Nutzers. Die Benutzer des Webservices k\u00f6nnen die \u00e4nderung der Einstellungen in dieser Hinsicht. Web-Browser erm\u00f6glicht es Ihnen Cookies zu l\u00f6schen. M\u00f6glich ist auch eine automatische Sperrung der cookie ausf\u00fchrliche Informationen zu diesem Thema finden Sie in der Hilfe oder der Dokumentation Web-Browser.<\/li>\n\n\n\n<li>Beschr\u00e4nkungen f\u00fcr die Nutzung der Cookies k\u00f6nnen Auswirkungen auf einige der Funktionen der Web-Seiten der Website.<\/li>\n\n\n\n<li>Cookies, die auf dem Endger\u00e4t des Benutzers des Service, auch k\u00f6nnen verwendet werden mit kooperierenden Netzbetreiber Service-Themen, dies gilt insbesondere f\u00fcr Unternehmen: Google (Google Inc. mit Sitz in den USA), Facebook (Facebook Inc. USA), Twitter (Twitter Inc. mit Sitz in den USA).<\/li>\n<\/ol>\n\n\n\n<p><strong>9. Dateiverwaltung Cookies \u2013 wie in der Praxis zum Ausdruck bringen und die Einwilligung zu widerrufen?<\/strong><\/p>\n\n\n\n<ol start=\"1\" class=\"wp-block-list\">\n<li>Wenn der Benutzer nicht will, um Cookies erhalten, kann er die Einstellungen des Browsers \u00e4ndern. Wir sind einig, dass die Deaktivierung von Cookies, die f\u00fcr Prozesse der Authentifizierung, Sicherheit, Erhaltung der Benutzereinstellungen kann es schwierig machen und in extremen F\u00e4llen verhindern kann die Nutzung der Websites<\/li>\n\n\n\n<li>Zur Verwaltung der Einstellungen f\u00fcr cookies w\u00e4hlen Sie aus der folgenden Liste Web-Browser, die Sie verwenden, und Folgen Sie den Anweisungen:\n<ul class=\"wp-block-list\">\n<li><a href=\"https:\/\/support.microsoft.com\/pl-pl\/help\/10607\/microsoft-edge-view-delete-browser-history\">Edge<\/a><\/li>\n\n\n\n<li><a href=\"https:\/\/support.microsoft.com\/pl-pl\/help\/278835\/how-to-delete-cookie-files-in-internet-explorer\">Internet Explorer<\/a><\/li>\n\n\n\n<li><a href=\"http:\/\/support.google.com\/chrome\/bin\/answer.py?hl=pl&amp;answer=95647\">Chrome<\/a><\/li>\n\n\n\n<li><a href=\"http:\/\/support.apple.com\/kb\/PH5042\">Safari<\/a><\/li>\n\n\n\n<li><a href=\"http:\/\/support.mozilla.org\/pl\/kb\/W%C5%82%C4%85czanie%20i%20wy%C5%82%C4%85czanie%20obs%C5%82ugi%20ciasteczek\">Firefox<\/a><\/li>\n\n\n\n<li><a href=\"http:\/\/help.opera.com\/Windows\/12.10\/pl\/cookies.html\">Oper<\/a><\/li>\n<\/ul>\n<\/li>\n<\/ol>\n\n\n\n<p>Mobile Ger\u00e4te:<\/p>\n\n\n\n<ol start=\"2\" class=\"wp-block-list\">\n<li><a href=\"http:\/\/support.google.com\/chrome\/bin\/answer.py?hl=pl&amp;answer=95647\">Roboter<\/a><\/li>\n\n\n\n<li><a href=\"http:\/\/support.apple.com\/kb\/HT1677?viewlocale=pl_PL\">Safari (iOS)<\/a><\/li>\n\n\n\n<li><a href=\"http:\/\/www.windowsphone.com\/pl-pl\/how-to\/wp7\/web\/changing-privacy-and-other-browser-settings\">Windows Phone<\/a><\/li>\n<\/ol>\n\n\n\n<p>Dieses Modell-Politik wurde erhalten, als Referenz, auf der Grundlage unseres Wissens, Industrie-Practices und Gesetzen, die Stand: 2018-08-14. Wir empfehlen, dass Sie Karo-Muster Politik, bevor Sie es auf der Website. Die Vorlage wird auf die h\u00e4ufigsten Situationen, auf Webseiten, aber m\u00f6glicherweise nicht die vollst\u00e4ndige und genaue Besonderheiten Ihres Web-Seite. Lesen Sie generierte Dokument, und wenn n\u00f6tig, passen Sie es an Ihre Situation oder lassen Sie sich rechtlich beraten. Wir haften nicht f\u00fcr die Folgen der Verwendung dieses Dokumentes, denn nur Sie haben das Recht, auf das, ob alle darin enthaltenen Informationen Wirklichkeit. Beachten Sie auch, dass Datenschutzrichtlinie, sogar die beste, ist nur eines der Elemente sorgen um Ihre pers\u00f6nlichen Daten und der Privatsph\u00e4re des Benutzers auf der Website.<\/p>","protected":false},"excerpt":{"rendered":"<p>1. Informacje og\u00f3lne 2. Wybrane metody ochrony danych stosowane przez Operatora 3. Hosting 4. Twoje prawa i dodatkowe informacje o [&hellip;]<\/p>","protected":false},"author":1,"featured_media":0,"parent":0,"menu_order":0,"comment_status":"closed","ping_status":"closed","template":"","meta":{"site-sidebar-layout":"default","site-content-layout":"","ast-site-content-layout":"default","site-content-style":"default","site-sidebar-style":"default","ast-global-header-display":"","ast-banner-title-visibility":"","ast-main-header-display":"","ast-hfb-above-header-display":"","ast-hfb-below-header-display":"","ast-hfb-mobile-header-display":"","site-post-title":"","ast-breadcrumbs-content":"","ast-featured-img":"","footer-sml-layout":"","ast-disable-related-posts":"","theme-transparent-header-meta":"","adv-header-id-meta":"","stick-header-meta":"","header-above-stick-meta":"","header-main-stick-meta":"","header-below-stick-meta":"","astra-migrate-meta-layouts":"default","ast-page-background-enabled":"default","ast-page-background-meta":{"desktop":{"background-color":"var(--ast-global-color-4)","background-image":"","background-repeat":"repeat","background-position":"center center","background-size":"auto","background-attachment":"scroll","background-type":"","background-media":"","overlay-type":"","overlay-color":"","overlay-opacity":"","overlay-gradient":""},"tablet":{"background-color":"","background-image":"","background-repeat":"repeat","background-position":"center center","background-size":"auto","background-attachment":"scroll","background-type":"","background-media":"","overlay-type":"","overlay-color":"","overlay-opacity":"","overlay-gradient":""},"mobile":{"background-color":"","background-image":"","background-repeat":"repeat","background-position":"center center","background-size":"auto","background-attachment":"scroll","background-type":"","background-media":"","overlay-type":"","overlay-color":"","overlay-opacity":"","overlay-gradient":""}},"ast-content-background-meta":{"desktop":{"background-color":"var(--ast-global-color-5)","background-image":"","background-repeat":"repeat","background-position":"center center","background-size":"auto","background-attachment":"scroll","background-type":"","background-media":"","overlay-type":"","overlay-color":"","overlay-opacity":"","overlay-gradient":""},"tablet":{"background-color":"var(--ast-global-color-5)","background-image":"","background-repeat":"repeat","background-position":"center center","background-size":"auto","background-attachment":"scroll","background-type":"","background-media":"","overlay-type":"","overlay-color":"","overlay-opacity":"","overlay-gradient":""},"mobile":{"background-color":"var(--ast-global-color-5)","background-image":"","background-repeat":"repeat","background-position":"center center","background-size":"auto","background-attachment":"scroll","background-type":"","background-media":"","overlay-type":"","overlay-color":"","overlay-opacity":"","overlay-gradient":""}},"footnotes":""},"class_list":["post-1364","page","type-page","status-publish","hentry"],"_links":{"self":[{"href":"https:\/\/kabalaconsulting.com\/de\/wp-json\/wp\/v2\/pages\/1364","targetHints":{"allow":["GET"]}}],"collection":[{"href":"https:\/\/kabalaconsulting.com\/de\/wp-json\/wp\/v2\/pages"}],"about":[{"href":"https:\/\/kabalaconsulting.com\/de\/wp-json\/wp\/v2\/types\/page"}],"author":[{"embeddable":true,"href":"https:\/\/kabalaconsulting.com\/de\/wp-json\/wp\/v2\/users\/1"}],"replies":[{"embeddable":true,"href":"https:\/\/kabalaconsulting.com\/de\/wp-json\/wp\/v2\/comments?post=1364"}],"version-history":[{"count":1,"href":"https:\/\/kabalaconsulting.com\/de\/wp-json\/wp\/v2\/pages\/1364\/revisions"}],"predecessor-version":[{"id":1366,"href":"https:\/\/kabalaconsulting.com\/de\/wp-json\/wp\/v2\/pages\/1364\/revisions\/1366"}],"wp:attachment":[{"href":"https:\/\/kabalaconsulting.com\/de\/wp-json\/wp\/v2\/media?parent=1364"}],"curies":[{"name":"wp","href":"https:\/\/api.w.org\/{rel}","templated":true}]}}